{"id":12,"date":"2014-08-25T12:39:08","date_gmt":"2014-08-25T12:39:08","guid":{"rendered":"http:\/\/plethorathemes.com\/dev\/cleanstart\/?page_id=12"},"modified":"2016-11-17T11:41:42","modified_gmt":"2016-11-17T11:41:42","slug":"about-us","status":"publish","type":"page","link":"https:\/\/puentemaritimo.com\/es\/about-us\/","title":{"rendered":"Quienes somos"},"content":{"rendered":"<p><section id=\"\"  class=\"light\"> <div class=\"container\">  <div class=\"row\">[vc_empty_space height=\u00bb25px\u00bb]<div class=\"col-md-12  text-default\" >[vc_column_text]<strong id=\"company\"><img loading=\"lazy\" decoding=\"async\" class=\"size-medium wp-image-1930 alignright\" src=\"https:\/\/puentemaritimo.com\/wp-content\/uploads\/2014\/08\/about-300x170.jpg\" alt=\"about\" width=\"300\" height=\"170\" srcset=\"https:\/\/puentemaritimo.com\/wp-content\/uploads\/2014\/08\/about-300x170.jpg 300w, https:\/\/puentemaritimo.com\/wp-content\/uploads\/2014\/08\/about.jpg 360w\" sizes=\"(max-width: 300px) 100vw, 300px\" \/><\/strong><\/p>\n<p><strong>Puente Mar\u00edtimo<\/strong> tiene como principal funci\u00f3n, la gesti\u00f3n global de servicios log\u00edsticos y de transporte, y est\u00e1 estrat\u00e9gicamente localizada en el puerto m\u00e1s importante de Mar Mediterr\u00e1neo y el cuarto de Europa, el Puerto de Valencia.<\/p>\n<p>La empresa ha sido construida desde la experiencia de muchos a\u00f1os en esta industria, por lo tanto, somos capaces de proporcionar, tanto el mejor servicio mar\u00edtimo, como soluciones log\u00edsticas adaptadas a las necesidades de nuestros clientes, <strong>con total grado de compromiso y flexibilidad.<\/strong><\/p>\n<p>Gracias a nuestro gran equipo de profesionales, cubrimos todas las operaciones log\u00edsticas durante la carga y descarga de las mercanc\u00edas. Estamos presentes en muchos pa\u00edses, donde nuestros agentes y colaboradores trabajan a tiempo real con la oficina central, monitorizando todo el proceso y cuidando cada detalle para garantizar que el barco y la mercanc\u00eda llega en las condiciones pactadas.<\/p>\n<p>Contamos con una fuerte asociaci\u00f3n con navieras y compa\u00f1\u00edas de transporte de todo el mundo, permitiendo ampliar nuestra zona de operaciones y, consecuentemente, guiar, recomendar y ejecutar con \u00e9xito todas y cada una de las cargas.<\/p>\n<p>Puente Mar\u00edtimo siente que el funcionamiento acertado es el resultado de una vision clara, de una direcci\u00f3n eficaz e individuos competentes. Creemos que la evoluci\u00f3n continua, la modernizaci\u00f3n, el aprendizaje y la adaptaci\u00f3n son necesarios para el desarrollo, crecimiento y mantenimiento de la posici\u00f3n pionera sobre los niveles locales y extranjeros.<\/p>\n<p>[vc_empty_space height=\u00bb25px\u00bb]<\/p>\n<h3 id=\"thesis\"><span style=\"text-decoration: underline;\"><strong>Nuestra Misi\u00f3n<\/strong><\/span><\/h3>\n<p>Como asesores de confianza, nuestra principal misi\u00f3n es construir relaciones basadas en la fiabilidad, y siempre enfocados a las necesidades individuales del cliente.<\/p>\n<p>El equipo de Puente Maritimo aporta experiencia y atenci\u00f3n al detalle, con el objetivo de ayudar a nuestros clientes a ahorrar tiempo y dinero, ya que tambi\u00e9n nos encargamos de todo el costoso trabajo de back office.<\/p>\n<p><strong>Estamos al servicio de la industria del transporte mar\u00edtimo, siendo el v\u00ednculo que conecta la oferta y la demanda, con la m\u00e1xima profesionalidad y dedicaci\u00f3n.<\/strong><\/p>\n<p>[vc_empty_space height=\u00bb25px\u00bb]<\/p>\n<h3 id=\"vision\"><span style=\"text-decoration: underline;\"><strong>Nuestra Visi\u00f3n<\/strong><\/span><\/h3>\n<p>Creemos que una evoluci\u00f3n continua, la modernizaci\u00f3n y la adaptaci\u00f3n son requisitos necesarios y fundamentales para el desarrollo, el crecimiento y el mantenimiento de la posici\u00f3n pionera en los niveles locales y extranjeros.<\/p>\n<p><strong>Nuestro modelo de negocio se basa en la centralidad, en una buena direcci\u00f3n y en una visi\u00f3n de futuro.<\/strong><\/p>\n<p>[vc_empty_space height=\u00bb25px\u00bb]<\/p>\n<h3 id=\"politica\"><span style=\"text-decoration: underline;\"><strong>Nuestra Pol\u00edtica<\/strong><\/span><\/h3>\n<p style=\"text-align: center;\"><strong>Integridad, calidad y compromiso.<\/strong><\/p>\n<p style=\"text-align: center;\">\u00c9sta es la forma de definir nuestro negocio.<\/p>\n<p>Nuestra pol\u00edtica es ser sumamente flexible, lo cual nos permite ofrecer a nuestros clientes soluciones a medida para servicios log\u00edsticos y de transporte, entendiendo que el \u00fanico modo de que nuestros clientes est\u00e9n satisfechos es asegurar que nuestra prioridad es ofrecer seguridad y calidad.<\/p>\n<p><strong>La confianza que nuestros clientes tienen depositada en Puente Mar\u00edtimo es el resultado de una visi\u00f3n clara, una gesti\u00f3n eficaz y de personas competentes<br \/>\n<\/strong>[\/vc_column_text]<\/div>  <\/div>  <\/div><\/section><\/p>","protected":false},"excerpt":{"rendered":"[vc_empty_space height=\"25px\"][vc_column_text] Puente Mar\u00edtimo tiene como principal funci\u00f3n, la gesti\u00f3n global de servicios log\u00edsticos y de transporte, y est\u00e1 estrat\u00e9gicamente localizada en el puerto m\u00e1s importante de Mar Mediterr\u00e1neo y el cuarto de Europa, el Puerto de Valencia. La empresa ha sido construida desde la experiencia de muchos a\u00f1os en esta industria, por lo tanto, [...]","protected":false},"author":2,"featured_media":2156,"parent":0,"menu_order":2,"comment_status":"closed","ping_status":"closed","template":"","meta":{"footnotes":""},"_links":{"self":[{"href":"https:\/\/puentemaritimo.com\/es\/wp-json\/wp\/v2\/pages\/12"}],"collection":[{"href":"https:\/\/puentemaritimo.com\/es\/wp-json\/wp\/v2\/pages"}],"about":[{"href":"https:\/\/puentemaritimo.com\/es\/wp-json\/wp\/v2\/types\/page"}],"author":[{"embeddable":true,"href":"https:\/\/puentemaritimo.com\/es\/wp-json\/wp\/v2\/users\/2"}],"replies":[{"embeddable":true,"href":"https:\/\/puentemaritimo.com\/es\/wp-json\/wp\/v2\/comments?post=12"}],"version-history":[{"count":21,"href":"https:\/\/puentemaritimo.com\/es\/wp-json\/wp\/v2\/pages\/12\/revisions"}],"predecessor-version":[{"id":2215,"href":"https:\/\/puentemaritimo.com\/es\/wp-json\/wp\/v2\/pages\/12\/revisions\/2215"}],"wp:featuredmedia":[{"embeddable":true,"href":"https:\/\/puentemaritimo.com\/es\/wp-json\/wp\/v2\/media\/2156"}],"wp:attachment":[{"href":"https:\/\/puentemaritimo.com\/es\/wp-json\/wp\/v2\/media?parent=12"}],"curies":[{"name":"wp","href":"https:\/\/api.w.org\/{rel}","templated":true}]}}