{"id":2037,"date":"2016-05-03T17:14:03","date_gmt":"2016-05-03T17:14:03","guid":{"rendered":"https:\/\/puentemaritimo.com\/?page_id=2037"},"modified":"2016-05-10T10:39:39","modified_gmt":"2016-05-10T10:39:39","slug":"vessels","status":"publish","type":"page","link":"https:\/\/puentemaritimo.com\/es\/vessels\/","title":{"rendered":"Barcos"},"content":{"rendered":"<p><section id=\"\"  class=\"light\"> <div class=\"container\">  <div class=\"row\"><div class=\"col-md-8  text-default\" >[vc_column_text]<img loading=\"lazy\" decoding=\"async\" class=\"alignright size-full wp-image-2140\" src=\"https:\/\/puentemaritimo.com\/wp-content\/uploads\/2016\/05\/cargo.jpg\" alt=\"Cargo\" width=\"460\" height=\"252\" srcset=\"https:\/\/puentemaritimo.com\/wp-content\/uploads\/2016\/05\/cargo.jpg 460w, https:\/\/puentemaritimo.com\/wp-content\/uploads\/2016\/05\/cargo-300x164.jpg 300w\" sizes=\"(max-width: 460px) 100vw, 460px\" \/>La carga internacional a trav\u00e9s de v\u00edas mar\u00edtimas, no s\u00f3lo exige de la elecci\u00f3n de los nav\u00edos apropiados, sino que tambi\u00e9n precisa de un control y un manejo las formalidades relacionadas con la aduana, los tiempos u otras gestiones que pueden surgir mientras el env\u00edo est\u00e1 en tr\u00e1nsito.<\/p>\n<p>Puede parecer simple, pero es un paso cr\u00edtico ya que, llevar a cabo un embarque con \u00e9xito y de manera eficiente, requiere de un minucioso cuidado, de experiencia en el manejo de fletamentos y una constante monitorizaci\u00f3n de todo el proceso para asegurar el manejo de sus cargasy la entrega, sin contratiempos, en el puerto de destino.<\/p>\n<p>El equipo de Puente Mar\u00edtimo est\u00e1 formado por profesionales que procesan la informaci\u00f3n de forma continua e intervienen en la gesti\u00f3n, aportando experiencia y atenci\u00f3n para paliar este elemento cr\u00edtico y optimizar, tanto nuestro tiempo como el de nuestros de clientes, tomando el control del servicio y las correspondientes gestiones y trabajos internos de Back office.<\/p>\n<p>Puente Mar\u00edtimo trabaja con nav\u00edos para todo tipo de productos, con una capacidad que abarca desde 2,000 mt. hasta 30.000mt.\u00a0 Esto nos permite ofrecer <strong><u>salidas con m\u00e1s frecuencia<\/u><\/strong><u>,<strong> tiempo adicional <\/strong>y<strong> horarios flexibles<\/strong>.<\/u>\u00a0 Negociamos siempre en base a los intereses de nuestros clientes para obtener la tarifa que m\u00e1s se adapte a los t\u00e9rminos y condiciones deseados.[\/vc_column_text]<\/div><div class=\"col-md-4  text-default\" >[vc_column_text]<strong>Localizar el barco adecuado, en el lugar y momento correcto, y con el mejor precio,\u00a0<\/strong><strong>es lo que mejor sabe hacer Puente Maritimo.<\/strong><\/p>\n<ul>\n<li>Control operacional y de Back office, eliminando los riesgos operacionales al estar integrando con otros sistemas.<\/li>\n<li>Negociaci\u00f3n de cargas \/ descargas.<\/li>\n<li>Monitorizaci\u00f3n de todo el proceso en tiempo real con reporte informativo diario.<\/li>\n<\/ul>\n<ul>\n<li>Control del tiempo de tr\u00e1nsito.<\/li>\n<\/ul>\n<p><img loading=\"lazy\" decoding=\"async\" class=\"size-full wp-image-1964 aligncenter\" src=\"https:\/\/puentemaritimo.com\/wp-content\/uploads\/2014\/08\/tanker.png\" alt=\"tanker\" width=\"369\" height=\"132\" srcset=\"https:\/\/puentemaritimo.com\/wp-content\/uploads\/2014\/08\/tanker.png 369w, https:\/\/puentemaritimo.com\/wp-content\/uploads\/2014\/08\/tanker-300x107.png 300w\" sizes=\"(max-width: 369px) 100vw, 369px\" \/><\/p>\n<p>Para m\u00e1s informaci\u00f3n y solicitud de cotizaci\u00f3n, p\u00f3ngase en contacto con nosotros:\u00a0 <a href=\"mailto:info@puentemaritimo.com\">info@puentemaritimo.com<\/a>[\/vc_column_text]<\/div>  <\/div>  <\/div><\/section><\/p>","protected":false},"excerpt":{"rendered":"[vc_column_text]La carga internacional a trav\u00e9s de v\u00edas mar\u00edtimas, no s\u00f3lo exige de la elecci\u00f3n de los nav\u00edos apropiados, sino que tambi\u00e9n precisa de un control y un manejo las formalidades relacionadas con la aduana, los tiempos u otras gestiones que pueden surgir mientras el env\u00edo est\u00e1 en tr\u00e1nsito. Puede parecer simple, pero es un paso [...]","protected":false},"author":2,"featured_media":2136,"parent":0,"menu_order":0,"comment_status":"closed","ping_status":"closed","template":"","meta":{"footnotes":""},"_links":{"self":[{"href":"https:\/\/puentemaritimo.com\/es\/wp-json\/wp\/v2\/pages\/2037"}],"collection":[{"href":"https:\/\/puentemaritimo.com\/es\/wp-json\/wp\/v2\/pages"}],"about":[{"href":"https:\/\/puentemaritimo.com\/es\/wp-json\/wp\/v2\/types\/page"}],"author":[{"embeddable":true,"href":"https:\/\/puentemaritimo.com\/es\/wp-json\/wp\/v2\/users\/2"}],"replies":[{"embeddable":true,"href":"https:\/\/puentemaritimo.com\/es\/wp-json\/wp\/v2\/comments?post=2037"}],"version-history":[{"count":5,"href":"https:\/\/puentemaritimo.com\/es\/wp-json\/wp\/v2\/pages\/2037\/revisions"}],"predecessor-version":[{"id":2141,"href":"https:\/\/puentemaritimo.com\/es\/wp-json\/wp\/v2\/pages\/2037\/revisions\/2141"}],"wp:featuredmedia":[{"embeddable":true,"href":"https:\/\/puentemaritimo.com\/es\/wp-json\/wp\/v2\/media\/2136"}],"wp:attachment":[{"href":"https:\/\/puentemaritimo.com\/es\/wp-json\/wp\/v2\/media?parent=2037"}],"curies":[{"name":"wp","href":"https:\/\/api.w.org\/{rel}","templated":true}]}}