{"id":2040,"date":"2016-05-03T17:16:54","date_gmt":"2016-05-03T17:16:54","guid":{"rendered":"https:\/\/puentemaritimo.com\/?page_id=2040"},"modified":"2016-05-10T09:01:03","modified_gmt":"2016-05-10T09:01:03","slug":"containers","status":"publish","type":"page","link":"https:\/\/puentemaritimo.com\/es\/containers\/","title":{"rendered":"Contenedores"},"content":{"rendered":"<p><section id=\"\"  class=\"light\"> <div class=\"container\">  <div class=\"row\"><div class=\"col-md-12  text-default\" >[vc_column_text]El embarque de buques a nivel internacional es una red sofisticada de servicios que nos permite realizar losenv\u00edos de carga por v\u00eda mar\u00edtima, tanto export como import, con regularidad,con una eficiencia energ\u00e9tica mayor y un menor coste que cualquier otra forma de transporte internacional.<\/p>\n<p>Puente Mar\u00edtimo quiere formar parte en la gesti\u00f3n de la cadena de suministros de sus clientes y por tanto planifica, implementa y controla el flujo eficaz y eficiente de los bienes, y proporciona todos los servicios e informaci\u00f3n relacionada desde el punto de origen al punto de destino, con el objetivo de satisfacer los requerimientos de los mismos y ayudarles a incrementar su rentabilidad.<\/p>\n<p><img loading=\"lazy\" decoding=\"async\" class=\"size-full wp-image-2133 alignleft\" src=\"https:\/\/puentemaritimo.com\/wp-content\/uploads\/2016\/05\/large5.jpg\" alt=\"large5\" width=\"460\" height=\"259\" srcset=\"https:\/\/puentemaritimo.com\/wp-content\/uploads\/2016\/05\/large5.jpg 460w, https:\/\/puentemaritimo.com\/wp-content\/uploads\/2016\/05\/large5-300x169.jpg 300w\" sizes=\"(max-width: 460px) 100vw, 460px\" \/>Con este servicio le ofrecemos un transporte mar\u00edtimo integral puerta a puerta, adecuado a sus necesidades espec\u00edficas, buscando las v\u00edas m\u00e1s seguras y negociando directamente con las compa\u00f1\u00edas mar\u00edtimas los fletes m\u00e1s econ\u00f3micos para nuestros clientes.<\/p>\n<p>Adem\u00e1s de la gesti\u00f3n en el servicio de transporte y flete mar\u00edtimo, le ofrecemos la posibilidad de gestionar toda la tramitaci\u00f3n aduanera de sus mercanc\u00edas.<\/p>\n<p>Nos encargamos de toda la gesti\u00f3n documental, as\u00ed reducimos el tiempo de gesti\u00f3n y eliminamos las consecuencias que de ello pudiesen derivarse.Gracias a nuestra dedicaci\u00f3n, garantizamos un proceso de transporte \u00e1gil y transparente, minimizando las demoras y los gastos innecesarios<\/p>\n<p>Puente Mar\u00edtimo trabaja exclusivamente con la carga completa de contenedores (FCL). Esta opci\u00f3n permite que sus bienes lleguen todos juntos, listos para ser desempaquetados o r\u00e1pidamente transferidos en cami\u00f3n o ferrocarril a su destino final. Adem\u00e1s de rastrear su progreso durante todo el trayecto.<\/p>\n<p>Las capacidades y condiciones de los contenedores pueden tener distintas combinaciones de formas que permiten que, en su interior, pueda caber la mercanc\u00eda.<\/p>\n<p><strong>Puente Mar\u00edtimo<\/strong> ofrece a sus clientes la posibilidad de elegir entre:<\/p>\n<h3>Dry Van<\/h3>\n<p>El uso del contenedor est\u00e1ndar para la carga seca ha causado la mayor revoluci\u00f3n en el transporte en las \u00faltimas d\u00e9cadas. Este tipo de contenedores son los m\u00e1s utilizados en el transporte mar\u00edtimo y dada su versatilidad, son aptos para la mayor\u00eda de cargas, tales como piezas fabricadas o componentes, productos b\u00e1sicos de consumo, electr\u00f3nica y prendas de vestir.<\/p>\n<p>Dependiendo del tipo de mercanc\u00eda a transportar, podemos ofrecerle contenedores de dimensiones de 20 pies, 40 pies, y High Cube, el cual permite un aumento del 13% de la capacidad c\u00fabica interna.<\/p>\n<ul>\n<li>Standard Dimensiones Est\u00e1ndar:<\/li>\n<\/ul>\n<ul>\n<li>20&#8242; largo, 8&#8242; ancho, and 8&#8217;6&#8243; alto.<\/li>\n<li>40&#8242; largo, 8&#8242; ancho, and 8&#8217;6&#8243; alto.<\/li>\n<li>40&#8242; largo, 8&#8242; ancho, and 9&#8217;6&#8243; alto.<\/li>\n<\/ul>\n<p>Cu\u00e9ntenos sus necesidades y nuestro equipo se encargar\u00e1 de gestionar su carga ajust\u00e1ndose a sus requerimientos y proporcionarle todo el apoyo: <a href=\"mailto:info@puentemaritimo.com\">info@puentemaritimo.com<\/a><\/p>\n<h3>Carga a granel con Flexitanks.<\/h3>\n<p>El Flexitank es un eficiente y seguro sistema de transporte mar\u00edtimo fabricado con polietileno (PE), reforzado con fibras de aramida y, gracias a las costuras en la parte superior e inferior, reduce las posibles fugas. Su flexibilidad permite el almacenamiento y el transporte de una amplia variedad de alimentos l\u00edquidos, productos industriales y productos qu\u00edmicos no peligrosos l\u00edquidos, y su capacidad oscila desde los 10.000 hasta los 24.000 litros.<\/p>\n<p>Todos los flexitanks que utilizamos han sido sometidos a estrictos controles de calidad durante la fabricaci\u00f3n, est\u00e1n homologados y certificados, aparte de cumplir con las m\u00e1s estrictas normas medioambientales.<\/p>\n<p><img loading=\"lazy\" decoding=\"async\" class=\"alignright size-full wp-image-2132\" src=\"https:\/\/puentemaritimo.com\/wp-content\/uploads\/2016\/05\/container-shipping.jpg\" alt=\"Shipping containers\" width=\"460\" height=\"300\" srcset=\"https:\/\/puentemaritimo.com\/wp-content\/uploads\/2016\/05\/container-shipping.jpg 460w, https:\/\/puentemaritimo.com\/wp-content\/uploads\/2016\/05\/container-shipping-300x196.jpg 300w\" sizes=\"(max-width: 460px) 100vw, 460px\" \/>Por todo ello, la gesti\u00f3n de cargas l\u00edquidas con flexitanks abarcan el mayor porcentaje de nuestro negocio, permiti\u00e9ndonos ofrecerle un servicio log\u00edstico integral con total garant\u00eda de \u00e9xito en el env\u00edo.<\/p>\n<p>Para m\u00e1s informaci\u00f3n y solicitud de cotizaci\u00f3n, p\u00f3ngase en contacto con nosotros:\u00a0 <a href=\"mailto:info@puentemaritimo.com\">info@puentemaritimo.com<\/a><\/p>\n<h3>Contenedores Reefer<\/h3>\n<p>Los contenedores refrigerados son unidades dise\u00f1adas para el transporte de cargas con temperatura controlada, tales como frutas, carne, pescado, mariscos, verduras, productos l\u00e1cteos y tambi\u00e9n productos no alimentarios, tales como flores, productos farmac\u00e9uticos\u2026.<\/p>\n<p>Para ello, est\u00e1ndotados de un equipo propio de refrigeraci\u00f3n y sometidos a un control de temperatura continuo.<\/p>\n<p>Puente Mar\u00edtimo cuenta con un equipo especializado en el control y la correcta estiba de los materiales a transportar, ya que \u00e9ste es un elemento clave para que la mercanc\u00eda se conserve en prefectas condiciones.<\/p>\n<p>P\u00f3ngase en contacto con nosotros para solicitar su cotizaci\u00f3n:\u00a0 <a href=\"mailto:info@puentemaritimo.com\">info@puentemaritimo.com<\/a>[\/vc_column_text]<\/div>  <\/div>  <\/div><\/section><\/p>","protected":false},"excerpt":{"rendered":"[vc_column_text]El embarque de buques a nivel internacional es una red sofisticada de servicios que nos permite realizar losenv\u00edos de carga por v\u00eda mar\u00edtima, tanto export como import, con regularidad,con una eficiencia energ\u00e9tica mayor y un menor coste que cualquier otra forma de transporte internacional. Puente Mar\u00edtimo quiere formar parte en la gesti\u00f3n de la cadena [...]","protected":false},"author":2,"featured_media":2130,"parent":0,"menu_order":0,"comment_status":"closed","ping_status":"closed","template":"","meta":{"footnotes":""},"_links":{"self":[{"href":"https:\/\/puentemaritimo.com\/es\/wp-json\/wp\/v2\/pages\/2040"}],"collection":[{"href":"https:\/\/puentemaritimo.com\/es\/wp-json\/wp\/v2\/pages"}],"about":[{"href":"https:\/\/puentemaritimo.com\/es\/wp-json\/wp\/v2\/types\/page"}],"author":[{"embeddable":true,"href":"https:\/\/puentemaritimo.com\/es\/wp-json\/wp\/v2\/users\/2"}],"replies":[{"embeddable":true,"href":"https:\/\/puentemaritimo.com\/es\/wp-json\/wp\/v2\/comments?post=2040"}],"version-history":[{"count":4,"href":"https:\/\/puentemaritimo.com\/es\/wp-json\/wp\/v2\/pages\/2040\/revisions"}],"predecessor-version":[{"id":2135,"href":"https:\/\/puentemaritimo.com\/es\/wp-json\/wp\/v2\/pages\/2040\/revisions\/2135"}],"wp:featuredmedia":[{"embeddable":true,"href":"https:\/\/puentemaritimo.com\/es\/wp-json\/wp\/v2\/media\/2130"}],"wp:attachment":[{"href":"https:\/\/puentemaritimo.com\/es\/wp-json\/wp\/v2\/media?parent=2040"}],"curies":[{"name":"wp","href":"https:\/\/api.w.org\/{rel}","templated":true}]}}