{"id":2043,"date":"2016-05-03T17:20:37","date_gmt":"2016-05-03T17:20:37","guid":{"rendered":"https:\/\/puentemaritimo.com\/?page_id=2043"},"modified":"2016-05-10T10:44:40","modified_gmt":"2016-05-10T10:44:40","slug":"multimodal-transport","status":"publish","type":"page","link":"https:\/\/puentemaritimo.com\/es\/multimodal-transport\/","title":{"rendered":"Transporte multimodal"},"content":{"rendered":"<p><section id=\"\"  class=\"light\"> <div class=\"container\">  <div class=\"row\"><div class=\"col-md-12  text-default\" >[vc_column_text]<img loading=\"lazy\" decoding=\"async\" class=\"alignright size-full wp-image-2144\" src=\"https:\/\/puentemaritimo.com\/wp-content\/uploads\/2016\/05\/Multimodal.jpg\" alt=\"Multimodal\" width=\"600\" height=\"240\" srcset=\"https:\/\/puentemaritimo.com\/wp-content\/uploads\/2016\/05\/Multimodal.jpg 600w, https:\/\/puentemaritimo.com\/wp-content\/uploads\/2016\/05\/Multimodal-300x120.jpg 300w\" sizes=\"(max-width: 600px) 100vw, 600px\" \/>El <strong>transporte multimodal<\/strong> es la articulaci\u00f3n entre diferentes modos de transporte, a fin de realizar m\u00e1s r\u00e1pida y eficazmente las operaciones de trasbordo de materiales y mercanc\u00edas. Lo m\u00e1s significativo, es que nos da la ventaja de emplear un \u00fanico operador y un \u00fanico contrato de transporte para gestionar toda la operativa, independientemente de los medios de transporte utilizados.<\/p>\n<p>Despu\u00e9s de que la mercanc\u00eda llegue a puerto, el transporte terrestre por cami\u00f3n proporciona una conexi\u00f3n real con los centros comerciales en el interior de los pa\u00edses, y sabemos de la importancia de un buen servicio log\u00edstico que ofrezca al cliente <strong>seguridad y tranquilidad. <\/strong><\/p>\n<p>Sin embargo, es importante recordar que el transporte multimodal no es equivalente al transporte de contenedores; el transporte multimodal es factible sin ning\u00fan tipo de contenedor. El objetivo a medio plazo funciona a favor del proveedor; asegurando tanto al proveedor como al comprador, que sus bienes ser\u00e1n administrados y suministrados de manera efectiva.<\/p>\n<p>Puente Mar\u00edtimo articula entre los diferentes modos de\u00a0transporte toda la gesti\u00f3n, a fin de realizar m\u00e1s r\u00e1pida y eficazmente las operaciones de trasbordo de materiales y sus mercanc\u00edas, gestionando el traslado de su carga de principio a fin, asegurando un <strong>cuidado \u00f3ptimo <\/strong>y <strong>eficiencia<\/strong> en cada paso del camino.[\/vc_column_text]<\/div>  <\/div>  <\/div><\/section><\/p>","protected":false},"excerpt":{"rendered":"[vc_column_text]El transporte multimodal es la articulaci\u00f3n entre diferentes modos de transporte, a fin de realizar m\u00e1s r\u00e1pida y eficazmente las operaciones de trasbordo de materiales y mercanc\u00edas. Lo m\u00e1s significativo, es que nos da la ventaja de emplear un \u00fanico operador y un \u00fanico contrato de transporte para gestionar toda la operativa, independientemente de los [...]","protected":false},"author":2,"featured_media":2044,"parent":0,"menu_order":0,"comment_status":"closed","ping_status":"closed","template":"","meta":{"footnotes":""},"_links":{"self":[{"href":"https:\/\/puentemaritimo.com\/es\/wp-json\/wp\/v2\/pages\/2043"}],"collection":[{"href":"https:\/\/puentemaritimo.com\/es\/wp-json\/wp\/v2\/pages"}],"about":[{"href":"https:\/\/puentemaritimo.com\/es\/wp-json\/wp\/v2\/types\/page"}],"author":[{"embeddable":true,"href":"https:\/\/puentemaritimo.com\/es\/wp-json\/wp\/v2\/users\/2"}],"replies":[{"embeddable":true,"href":"https:\/\/puentemaritimo.com\/es\/wp-json\/wp\/v2\/comments?post=2043"}],"version-history":[{"count":4,"href":"https:\/\/puentemaritimo.com\/es\/wp-json\/wp\/v2\/pages\/2043\/revisions"}],"predecessor-version":[{"id":2145,"href":"https:\/\/puentemaritimo.com\/es\/wp-json\/wp\/v2\/pages\/2043\/revisions\/2145"}],"wp:featuredmedia":[{"embeddable":true,"href":"https:\/\/puentemaritimo.com\/es\/wp-json\/wp\/v2\/media\/2044"}],"wp:attachment":[{"href":"https:\/\/puentemaritimo.com\/es\/wp-json\/wp\/v2\/media?parent=2043"}],"curies":[{"name":"wp","href":"https:\/\/api.w.org\/{rel}","templated":true}]}}