{"id":23,"date":"2014-08-25T12:40:33","date_gmt":"2014-08-25T12:40:33","guid":{"rendered":"http:\/\/plethorathemes.com\/dev\/cleanstart\/?page_id=23"},"modified":"2016-11-14T17:31:08","modified_gmt":"2016-11-14T17:31:08","slug":"contact","status":"publish","type":"page","link":"https:\/\/puentemaritimo.com\/es\/contact\/","title":{"rendered":"Contacte con nosotros"},"content":{"rendered":"<p><section id=\"\"  class=\"light\"> <div class=\"container\">  <div class=\"row\"><div class=\"col-md-4  text-default\" ><div class=\"team_member office_address\"><h5>Puente Maritimo<\/h5><small><\/small><br><br><h6>Direcci\u00f3n de la oficina<\/h6>\n<address>Doctor J.J. Domine, 6, office 27<br \/>\n46011 Valencia, Spain<br \/>\n+34 96 062 48 19<\/address>\n<h5>Para armadores<\/h5>\n<p><abbr title=\"Phone\">Tel:<\/abbr> +34 688 863 981<br \/>\n<abbr title=\"Email\">E-Mail:<\/abbr> <a href=\"mailto:info@puentemaritimo.com\">info@puentemaritimo.com<\/a><\/p>\n<h5>Para clientes<\/h5>\n<p><abbr title=\"Phone\">Tel:<\/abbr> +34 688 863 981<br \/>\n<abbr title=\"Email\">E-Mail:<\/abbr> <a href=\"mailto:info@puentemaritimo.com\">info@puentemaritimo.com<\/a><\/p>\n<\/div><\/div><div class=\"col-md-8  text-default\" >[vc_column_text]\n<div class=\"wpcf7 no-js\" id=\"wpcf7-f4-o2\" lang=\"en-US\" dir=\"ltr\">\n<div class=\"screen-reader-response\"><p role=\"status\" aria-live=\"polite\" aria-atomic=\"true\"><\/p> <ul><\/ul><\/div>\n<form action=\"\/es\/wp-json\/wp\/v2\/pages\/23#wpcf7-f4-o2\" method=\"post\" class=\"wpcf7-form init\" aria-label=\"Contact form\" novalidate=\"novalidate\" data-status=\"init\">\n<div style=\"display: none;\">\n<input type=\"hidden\" name=\"_wpcf7\" value=\"4\" \/>\n<input type=\"hidden\" name=\"_wpcf7_version\" value=\"5.8.6\" \/>\n<input type=\"hidden\" name=\"_wpcf7_locale\" value=\"en_US\" \/>\n<input type=\"hidden\" name=\"_wpcf7_unit_tag\" value=\"wpcf7-f4-o2\" \/>\n<input type=\"hidden\" name=\"_wpcf7_container_post\" value=\"0\" \/>\n<input type=\"hidden\" name=\"_wpcf7_posted_data_hash\" value=\"\" \/>\n<\/div>\n<div class=\"col-sm-6 col-md-6\">\n\t<p>Nombre\n\t<\/p>\n\t<p><span class=\"wpcf7-form-control-wrap\" data-name=\"your-name\"><input size=\"40\" class=\"wpcf7-form-control wpcf7-form-control form-control wpcf7-validates-as-required\" aria-required=\"true\" aria-invalid=\"false\" value=\"\" type=\"text\" name=\"your-name\" \/><\/span>\n\t<\/p>\n<\/div>\n<div class=\"col-sm-6 col-md-6\">\n\t<p>E-mail (required)\n\t<\/p>\n\t<p><span class=\"wpcf7-form-control-wrap\" data-name=\"your-email\"><input size=\"40\" class=\"wpcf7-form-control wpcf7-form-control form-control wpcf7-validates-as-required wpcf7-form-control form-control wpcf7-validates-as-email\" aria-required=\"true\" aria-invalid=\"false\" value=\"\" type=\"email\" name=\"your-email\" \/><\/span>\n\t<\/p>\n<\/div>\n<div class=\"col-sm-6 col-md-6\" style=\"margin-top:10px;\">\n\t<p>Tel\u00e9fono\n\t<\/p>\n\t<p><span class=\"wpcf7-form-control-wrap\" data-name=\"your-phone\"><input size=\"40\" class=\"wpcf7-form-control wpcf7-form-control form-control\" aria-invalid=\"false\" value=\"\" type=\"text\" name=\"your-phone\" \/><\/span>\n\t<\/p>\n<\/div>\n<div class=\"col-sm-6 col-md-6\" style=\"margin-top:10px;\">\n\t<p>Sujeto<br \/>\n<span class=\"wpcf7-form-control-wrap\" data-name=\"your-subject\"><input size=\"40\" class=\"wpcf7-form-control wpcf7-form-control form-control\" aria-invalid=\"false\" value=\"\" type=\"text\" name=\"your-subject\" \/><\/span>\n\t<\/p>\n<\/div>\n<div class=\"col-sm-12 col-md-12\" style=\"margin-top:10px;\">\n\t<p>Mensaje\n\t<\/p>\n\t<p><span class=\"wpcf7-form-control-wrap\" data-name=\"your-message\"><textarea cols=\"40\" rows=\"10\" class=\"wpcf7-form-control wpcf7-form-control wpcf7-form-control form-control\" aria-invalid=\"false\" name=\"your-message\"><\/textarea><\/span>\n\t<\/p>\n<\/div>\n<div class=\"col-sm-12 col-md-12\" style=\"margin-top:10px;\">\n\t<p><input class=\"wpcf7-form-control wpcf7-submit btn btn-primary has-spinner\" type=\"submit\" value=\"Enviar!\" \/>\n\t<\/p>\n<\/div><div class=\"wpcf7-response-output\" aria-hidden=\"true\"><\/div>\n<\/form>\n<\/div>\n[\/vc_column_text][vc_column_text css=\u00bb.vc_custom_1462782498777{padding-top: 40px !important;padding-right: 15px !important;padding-left: 15px !important;}\u00bb]<\/p>\n<p style=\"text-align: justify;\"><strong>NOTA LEGAL:<\/strong>Los datos recogidos en este documento se utilizar\u00e1n de la forma y con las limitaciones especificas en la Ley Org\u00e1nica 15\/1999 del 13 de diciembre, de Protecci\u00f3n de Datos de Car\u00e1cter Personal (LOPD). Los datos facilitados por los usuarios se incorporar\u00e1n a archivos de car\u00e1cter personal y confidencial de los cuales es responsable Puente Mar\u00edtimo,S.L.<\/p>\n<p>[\/vc_column_text]<\/div>  <\/div>  <\/div><\/section><\/p>","protected":false},"excerpt":{"rendered":"Puente MaritimoDirecci\u00f3n de la oficina Doctor J.J. Domine, 6, office 27 46011 Valencia, Spain +34 96 062 48 19 Para armadores Tel: +34 688 863 981 E-Mail: info@puentemaritimo.com Para clientes Tel: +34 688 863 981 E-Mail: info@puentemaritimo.com [vc_column_text] Nombre E-mail (required) Tel\u00e9fono Sujeto Mensaje [\/vc_column_text][vc_column_text css=\".vc_custom_1462782498777{padding-top: 40px !important;padding-right: 15px !important;padding-left: 15px !important;}\"] NOTA LEGAL:Los datos [...]","protected":false},"author":2,"featured_media":0,"parent":0,"menu_order":6,"comment_status":"closed","ping_status":"closed","template":"","meta":{"footnotes":""},"_links":{"self":[{"href":"https:\/\/puentemaritimo.com\/es\/wp-json\/wp\/v2\/pages\/23"}],"collection":[{"href":"https:\/\/puentemaritimo.com\/es\/wp-json\/wp\/v2\/pages"}],"about":[{"href":"https:\/\/puentemaritimo.com\/es\/wp-json\/wp\/v2\/types\/page"}],"author":[{"embeddable":true,"href":"https:\/\/puentemaritimo.com\/es\/wp-json\/wp\/v2\/users\/2"}],"replies":[{"embeddable":true,"href":"https:\/\/puentemaritimo.com\/es\/wp-json\/wp\/v2\/comments?post=23"}],"version-history":[{"count":14,"href":"https:\/\/puentemaritimo.com\/es\/wp-json\/wp\/v2\/pages\/23\/revisions"}],"predecessor-version":[{"id":2180,"href":"https:\/\/puentemaritimo.com\/es\/wp-json\/wp\/v2\/pages\/23\/revisions\/2180"}],"wp:attachment":[{"href":"https:\/\/puentemaritimo.com\/es\/wp-json\/wp\/v2\/media?parent=23"}],"curies":[{"name":"wp","href":"https:\/\/api.w.org\/{rel}","templated":true}]}}